{"id":1493,"date":"2022-05-14T23:50:53","date_gmt":"2022-05-14T21:50:53","guid":{"rendered":"https:\/\/www.jakin.nl\/?page_id=1493"},"modified":"2023-08-25T23:52:33","modified_gmt":"2023-08-25T21:52:33","slug":"referentie-klanten","status":"publish","type":"page","link":"https:\/\/www.jakin.nl\/?page_id=1493","title":{"rendered":"Over ons"},"content":{"rendered":"\n<p>Welkom op de website van Jakin schilders &amp; onderhoudsbedrijf!<\/p>\n\n\n\n<p>\u2018Jakin schilders &amp; onderhoudsbedrijf\u2019&nbsp;ontzorgt haar klanten, zowel particulieren als de bedrijvensector in de regio\u2019s Brabant &amp; Zuid-Holland, als het gaat om binnen- en buitenschilderwerk. \u2018Jakin schilders &amp; onderhoudsbedrijf\u2019 is gespecialiseerd in:<\/p>\n\n\n\n<ul class=\"wp-block-list\"><li>Schilderwerk binnen\/buiten<\/li><li>Behangen<\/li><li>Onderhoud<\/li><li>Restauratie<\/li><li>Houtrotreparatie (gecertificeerd bij\u00a0<strong><a href=\"https:\/\/www.repair-care.nl\/opgeleide-bedrijven\/jakin-schilders-en-onderhoudsbedrijf\/\">Repair Care<\/a><\/strong>)<\/li><li>Stukadoren \/ stucen<\/li><li>Latex spuiten<\/li><li>Laminaat leggen<\/li><li>Tegelzetten<\/li><\/ul>\n\n\n\n<p>Vraag geheel vrijblijvend een offerte aan, ik neem binnen 1 werkdag contact met u op.<\/p>\n\n\n\n<figure class=\"wp-block-image size-full is-resized\"><img loading=\"lazy\" decoding=\"async\" src=\"https:\/\/www.jakin.nl\/wp-content\/uploads\/2017\/11\/IMG_4372.jpg\" alt=\"\" class=\"wp-image-891\" width=\"128\" height=\"158\" srcset=\"https:\/\/www.jakin.nl\/wp-content\/uploads\/2017\/11\/IMG_4372.jpg 609w, https:\/\/www.jakin.nl\/wp-content\/uploads\/2017\/11\/IMG_4372-244x300.jpg 244w\" sizes=\"auto, (max-width: 128px) 100vw, 128px\" \/><\/figure>\n\n\n\n<p>    <\/p>\n\n\n\n<p>Valdo &amp; Sandra Pattimahu<br>\u2018Jakin schilders &amp; onderhoudsbedrijf\u2019<\/p>\n\n\n\n<p>Schenkeldijk 87<br>3295 ED \u2018s-Gravendeel<br>M: +31 (0)6 11248641<br>E: info@jakin.nl<br>KvK: 62139231<br>BTW: NL854679625B01<\/p>\n\n\n\n<p>2 Kronieken 3: 17 Hij zette de pilaren v\u00f3\u00f3r de tempel neer, de \u00e9\u00e9n rechts van de ingang en de ander links van de ingang. De rechter pilaar noemde hij Jakin&nbsp;<em>(= &#8216;vastzetten&#8217;)<\/em>, de linker pilaar noemde hij Boaz&nbsp;<em>(= &#8216;kracht&#8217;)<\/em>.<\/p>\n\n\n\n<p><\/p>\n\n\n\n<p><\/p>\n\n\n\n<p><\/p>\n\n\n\n<p><\/p>\n\n\n\n<p><\/p>\n\n\n\n<p><\/p>\n","protected":false},"excerpt":{"rendered":"<p>Welkom op de website van Jakin schilders &amp; onderhoudsbedrijf! \u2018Jakin schilders &amp; onderhoudsbedrijf\u2019&nbsp;ontzorgt haar klanten, zowel particulieren als de bedrijvensector in de regio\u2019s Brabant &amp;&hellip;<\/p>\n","protected":false},"author":1,"featured_media":0,"parent":0,"menu_order":1,"comment_status":"closed","ping_status":"closed","template":"","meta":{"footnotes":""},"class_list":["post-1493","page","type-page","status-publish","hentry"],"_links":{"self":[{"href":"https:\/\/www.jakin.nl\/index.php?rest_route=\/wp\/v2\/pages\/1493","targetHints":{"allow":["GET"]}}],"collection":[{"href":"https:\/\/www.jakin.nl\/index.php?rest_route=\/wp\/v2\/pages"}],"about":[{"href":"https:\/\/www.jakin.nl\/index.php?rest_route=\/wp\/v2\/types\/page"}],"author":[{"embeddable":true,"href":"https:\/\/www.jakin.nl\/index.php?rest_route=\/wp\/v2\/users\/1"}],"replies":[{"embeddable":true,"href":"https:\/\/www.jakin.nl\/index.php?rest_route=%2Fwp%2Fv2%2Fcomments&post=1493"}],"version-history":[{"count":7,"href":"https:\/\/www.jakin.nl\/index.php?rest_route=\/wp\/v2\/pages\/1493\/revisions"}],"predecessor-version":[{"id":1855,"href":"https:\/\/www.jakin.nl\/index.php?rest_route=\/wp\/v2\/pages\/1493\/revisions\/1855"}],"wp:attachment":[{"href":"https:\/\/www.jakin.nl\/index.php?rest_route=%2Fwp%2Fv2%2Fmedia&parent=1493"}],"curies":[{"name":"wp","href":"https:\/\/api.w.org\/{rel}","templated":true}]}}